{"id":497,"date":"2024-05-19T21:06:27","date_gmt":"2024-05-19T21:06:27","guid":{"rendered":"https:\/\/pax.com.pl\/?page_id=497"},"modified":"2026-04-16T07:00:14","modified_gmt":"2026-04-16T07:00:14","slug":"dzialania-na-budynkach","status":"publish","type":"page","link":"https:\/\/pax.com.pl\/index.php\/dzialania-na-budynkach\/","title":{"rendered":"Dzia\u0142ania na budynkach"},"content":{"rendered":"\t\t<div data-elementor-type=\"wp-page\" data-elementor-id=\"497\" class=\"elementor elementor-497\">\n\t\t\t\t<div class=\"elementor-element elementor-element-bc03f32 e-flex e-con-boxed e-con e-parent\" data-id=\"bc03f32\" data-element_type=\"container\" data-e-type=\"container\">\n\t\t\t\t\t<div class=\"e-con-inner\">\n\t\t\t\t<div class=\"elementor-element elementor-element-cd34f90 elementor-widget elementor-widget-text-editor\" data-id=\"cd34f90\" data-element_type=\"widget\" data-e-type=\"widget\" data-widget_type=\"text-editor.default\">\n\t\t\t\t<div class=\"elementor-widget-container\">\n\t\t\t\t\t\t\t\t\t<ul><li><a href=\"https:\/\/pax.com.pl\/wp-content\/uploads\/2026\/04\/PAX-Sprawozdanie-marzec-2026-CALOSC.pdf\">PAX &#8211; Sprawozdanie z Dzia\u0142u Administracji &#8211; marzec 2026<\/a><\/li><li><a href=\"https:\/\/pax.com.pl\/wp-content\/uploads\/2026\/03\/PAX-Sprawozdanie-z-Dzialu-ADM-za-miesiac-luty-2026.pdf\">PAX &#8211; Sprawozdanie z Dzia\u0142u Administracji &#8211; luty 2026<\/a><\/li><li><a href=\"https:\/\/pax.com.pl\/wp-content\/uploads\/2026\/02\/PAX-Sprawozdanie-DZIAL-ADMINISTRACJI-styczen-2026-CALOSC.pdf\">PAX &#8211; Sprawozdanie z Dzia\u0142u Administracji &#8211; stycze\u0144 2026<\/a><\/li><li><a href=\"https:\/\/pax.com.pl\/wp-content\/uploads\/2026\/01\/PAX-Sprawozdanie-z-Dzialu-ADM-grudzien-2025-r.-CALOSC.pdf\">PAX &#8211; Sprawozdanie z Dzia\u0142u Administracji &#8211; grudzie\u0144 2025<\/a><\/li><li><a href=\"https:\/\/pax.com.pl\/wp-content\/uploads\/2025\/12\/PAX-Sprawozdanie-listopad-2025-CALOSC.pdf\">PAX &#8211; Sprawozdanie z Dzia\u0142u Administracji &#8211; listopad 2025<\/a><\/li><li><a href=\"https:\/\/pax.com.pl\/wp-content\/uploads\/2025\/11\/PAX-Sprawozdanie-z-Dzialu-Administracji-pazdziernik-2025.pdf\">PAX &#8211; Sprawozdanie z Dzia\u0142u Administracji &#8211; pa\u017adziernik 2025<\/a><\/li><li><a href=\"https:\/\/pax.com.pl\/wp-content\/uploads\/2025\/10\/PAX-Sprawozdanie-za-wrzesien-2025-CALOSC.pdf\">PAX &#8211; Sprawozdanie z Dzia\u0142u Administracji &#8211; wrzesie\u0144 2025<\/a><\/li><li><a href=\"https:\/\/pax.com.pl\/wp-content\/uploads\/2025\/09\/PAX-Sprawozdanie-Dzialu-Administracji-sierpien-2025-r.-PDF.pdf\">PAX &#8211; Sprawozdanie z Dzia\u0142u Administracji &#8211; sierpie\u0144 2025<\/a><\/li><li><a href=\"https:\/\/pax.com.pl\/wp-content\/uploads\/2025\/08\/PAX-sprawozdanie-z-Dzialu-Administracyjnego-lipiec-2025r.pdf\">PAX &#8211; Sprawozdanie z Dzia\u0142u Administracji &#8211; lipiec 2025<\/a><\/li><li><a href=\"https:\/\/pax.com.pl\/wp-content\/uploads\/2025\/07\/PAX-sprawozdanie-czerwiec-2025-r.-CALOSC.pdf\">PAX &#8211; Sprawozdanie z Dzia\u0142u Administracji &#8211; czerwiec 2025<\/a><\/li><li><a href=\"https:\/\/pax.com.pl\/wp-content\/uploads\/2025\/06\/PAX-Sprawozdanie-z-Dzialu-Administracji-maj-2025.pdf\">PAX &#8211; Sprawozdanie z Dzia\u0142u Administracji &#8211; maj 2025<\/a><\/li><li><a href=\"https:\/\/pax.com.pl\/wp-content\/uploads\/2025\/05\/PAX-Sprawozdanie-z-Dzialu-Administracji-kwiecien-2025.pdf\">PAX &#8211; Sprawozdanie z Dzia\u0142u Administracji &#8211; kwiecie\u0144 2025<\/a><\/li><li><a href=\"https:\/\/pax.com.pl\/wp-content\/uploads\/2025\/04\/PAX-Sprawozdanie-z-Dzialu-Administracji-marzec-2025.pdf\">PAX &#8211; Sprawozdanie z Dzia\u0142u Administracji &#8211; marzec 2025<\/a><\/li><li><a href=\"https:\/\/pax.com.pl\/wp-content\/uploads\/2025\/03\/PAX-Sprawozdanie-z-Dzialu-Administracji-luty-2025.pdf\">PAX &#8211; Sprawozdanie z Dzia\u0142u Administracji &#8211; luty 2025<\/a><\/li><li><a href=\"https:\/\/pax.com.pl\/wp-content\/uploads\/2025\/02\/PAX-Sprawozdanie-z-Dzialu-Administracji-styczen-2025.pdf\">PAX &#8211; Sprawozdanie z Dzia\u0142u Administracji &#8211; stycze\u0144 2025<\/a><\/li><li><a href=\"https:\/\/pax.com.pl\/wp-content\/uploads\/2025\/01\/PAX-Sprawozdanie-z-Dzialu-Administracji-grudzien-2024.pdf\">PAX &#8211; Sprawozdanie z Dzia\u0142u Administracji &#8211; grudzie\u0144 2024<\/a><\/li><li><a href=\"https:\/\/pax.com.pl\/wp-content\/uploads\/2024\/12\/PAX-Sprawozdanie-z-Dzialu-Administracji-listopad-2024.pdf\">PAX &#8211; Sprawozdanie z Dzia\u0142u Administracji &#8211; listopad 2024<\/a><\/li><li><a href=\"https:\/\/pax.com.pl\/wp-content\/uploads\/2024\/11\/PAX-Sprawozdanie-z-Dzialu-Administracji-pazdziernik-2024.pdf\">PAX &#8211; Sprawozdanie z Dzia\u0142u Administracji &#8211; pa\u017adziernik 2024<\/a><\/li><li><a href=\"https:\/\/pax.com.pl\/wp-content\/uploads\/2024\/10\/PAX-Sprawozdanie-z-Dzialu-Administracji-wrzesien-2024.pdf\">PAX &#8211; Sprawozdanie z Dzia\u0142u Administracji &#8211; wrzesie\u0144 2024<\/a><\/li><li><a href=\"https:\/\/pax.com.pl\/wp-content\/uploads\/2024\/09\/PAX-Sprawozdanie-z-Dzialu-Administracji-sierpien-2024.pdf\">PAX &#8211; Sprawozdanie z Dzia\u0142u Administracji &#8211; sierpie\u0144 2024<\/a><\/li><li><a href=\"https:\/\/pax.com.pl\/wp-content\/uploads\/2024\/09\/PAX-Sprawozdanie-z-Dzialu-Administracji-lipiec-2024.pdf\">PAX &#8211; Sprawozdanie z Dzia\u0142u Administracji &#8211; lipiec 2024<\/a><\/li><li><a href=\"https:\/\/pax.com.pl\/wp-content\/uploads\/2024\/07\/PAX-Sprawozdanie-z-Dzialu-Administracji-czerwiec-2024.pdf\">PAX &#8211; Sprawozdanie z Dzia\u0142u Administracji &#8211; czerwiec 2024<\/a><\/li><li><a href=\"https:\/\/pax.com.pl\/wp-content\/uploads\/2024\/06\/PAX-Sprawozdanie-z-Dzialu-Administracji-czerwiec-2024.pdf\">PAX &#8211; Sprawozdanie z Dzia\u0142u Administracji &#8211; maj 2024<\/a><\/li><li><a href=\"https:\/\/pax.com.pl\/wp-content\/uploads\/2024\/05\/PAX-NOWE-Sprawozdanie-Dzialu-Administracji-za-miesiac-kwiecien-2024.pdf\">PAX &#8211; Sprawozdanie z Dzia\u0142u Administracji &#8211; kwiecie\u0144 2024<\/a><\/li><li><a href=\"https:\/\/pax.com.pl\/wp-content\/uploads\/2024\/05\/PAX-NOWE-Sprawozdanie-z-Dzialu-Administracji-marzec-2024.pdf\">PAX &#8211; Sprawozdanie z Dzia\u0142u Administracji &#8211; marzec 2024<\/a><\/li><\/ul>\t\t\t\t\t\t\t\t<\/div>\n\t\t\t\t<\/div>\n\t\t\t\t\t<\/div>\n\t\t\t\t<\/div>\n\t\t\t\t<\/div>\n\t\t","protected":false},"excerpt":{"rendered":"<p>PAX &#8211; Sprawozdanie z Dzia\u0142u Administracji &#8211; marzec 2026 PAX &#8211; Sprawozdanie z Dzia\u0142u Administracji &#8211; luty 2026 PAX &#8211; Sprawozdanie z Dzia\u0142u Administracji &#8211; stycze\u0144 2026 PAX &#8211; Sprawozdanie z Dzia\u0142u Administracji &#8211; grudzie\u0144 2025 PAX &#8211; Sprawozdanie z Dzia\u0142u Administracji &#8211; listopad 2025 PAX &#8211; Sprawozdanie z Dzia\u0142u Administracji &#8211; pa\u017adziernik 2025 PAX [&hellip;]<\/p>\n","protected":false},"author":1,"featured_media":0,"parent":0,"menu_order":0,"comment_status":"closed","ping_status":"closed","template":"","meta":{"footnotes":""},"class_list":["post-497","page","type-page","status-publish","hentry"],"_links":{"self":[{"href":"https:\/\/pax.com.pl\/index.php\/wp-json\/wp\/v2\/pages\/497","targetHints":{"allow":["GET"]}}],"collection":[{"href":"https:\/\/pax.com.pl\/index.php\/wp-json\/wp\/v2\/pages"}],"about":[{"href":"https:\/\/pax.com.pl\/index.php\/wp-json\/wp\/v2\/types\/page"}],"author":[{"embeddable":true,"href":"https:\/\/pax.com.pl\/index.php\/wp-json\/wp\/v2\/users\/1"}],"replies":[{"embeddable":true,"href":"https:\/\/pax.com.pl\/index.php\/wp-json\/wp\/v2\/comments?post=497"}],"version-history":[{"count":97,"href":"https:\/\/pax.com.pl\/index.php\/wp-json\/wp\/v2\/pages\/497\/revisions"}],"predecessor-version":[{"id":2979,"href":"https:\/\/pax.com.pl\/index.php\/wp-json\/wp\/v2\/pages\/497\/revisions\/2979"}],"wp:attachment":[{"href":"https:\/\/pax.com.pl\/index.php\/wp-json\/wp\/v2\/media?parent=497"}],"curies":[{"name":"wp","href":"https:\/\/api.w.org\/{rel}","templated":true}]}}