{"id":1721,"date":"2025-06-09T15:34:46","date_gmt":"2025-06-09T15:34:46","guid":{"rendered":"https:\/\/pax.com.pl\/?page_id=1721"},"modified":"2026-03-02T09:01:11","modified_gmt":"2026-03-02T09:01:11","slug":"zebrania-z-mieszkancami-2025","status":"publish","type":"page","link":"https:\/\/pax.com.pl\/index.php\/zebrania-z-mieszkancami-2025\/","title":{"rendered":"Zebrania z Mieszka\u0144cami 2025"},"content":{"rendered":"\n<hr class=\"wp-block-separator has-alpha-channel-opacity is-style-wide\"\/>\n\n\n\n<h2 class=\"wp-block-heading\">Protok\u00f3\u0142 z dnia 28.10.2025 r. z zebrania W\u0142a\u015bcicieli lokali w nieruchomo\u015bci przy ul. Modzelewskiego 6, 8, 10, 12<\/h2>\n\n\n\n<div class=\"wp-block-file\"><a id=\"wp-block-file--media-0f6e3ec4-6ae6-43b5-ac7b-22e3c7237c25\" href=\"https:\/\/pax.com.pl\/wp-content\/uploads\/2025\/11\/1178_001.pdf\">Protok\u00f3\u0142 z dnia 28.10.2025 r. z zebrania W\u0142a\u015bcicieli lokali w nieruchomo\u015bci przy ul. Modzelewskiego 6, 8, 10, 12<\/a><a href=\"https:\/\/pax.com.pl\/wp-content\/uploads\/2025\/11\/1178_001.pdf\" class=\"wp-block-file__button wp-element-button\" download aria-describedby=\"wp-block-file--media-0f6e3ec4-6ae6-43b5-ac7b-22e3c7237c25\">Pobierz<\/a><\/div>\n\n\n\n<h2 class=\"wp-block-heading\">Protok\u00f3\u0142 z dnia 21.10.2025 r. z zebrania W\u0142a\u015bcicieli lokali w nieruchomo\u015bci przy Al. Stan\u00f3w Zjednoczonych 72<\/h2>\n\n\n\n<div class=\"wp-block-file\"><a id=\"wp-block-file--media-ed328992-f34e-4254-a042-766d69bc6fea\" href=\"https:\/\/pax.com.pl\/wp-content\/uploads\/2025\/10\/ALEJA-72-protokol-z-zebrania-z-dnia-21.10.2025-r.pdf\">Protok\u00f3\u0142 z dnia 21.10.2025 r. z zebrania W\u0142a\u015bcicieli lokali w nieruchomo\u015bci przy Al. Stan\u00f3w Zjednoczonych 72<\/a><a href=\"https:\/\/pax.com.pl\/wp-content\/uploads\/2025\/10\/ALEJA-72-protokol-z-zebrania-z-dnia-21.10.2025-r.pdf\" class=\"wp-block-file__button wp-element-button\" download aria-describedby=\"wp-block-file--media-ed328992-f34e-4254-a042-766d69bc6fea\">Pobierz<\/a><\/div>\n\n\n\n<h2 class=\"wp-block-heading\">Protok\u00f3\u0142 z dnia 14.10.2025 r. z zebrania W\u0142a\u015bcicieli lokali w nieruchomo\u015bci przy ul. Bitwy Warszawskiej 1920 r.<\/h2>\n\n\n\n<div class=\"wp-block-file\"><a id=\"wp-block-file--media-fb432123-9728-4bd7-8a14-d35362082a8d\" href=\"https:\/\/pax.com.pl\/wp-content\/uploads\/2025\/10\/BITWY-18-PROTOKOL-z-zebrania-z-dnia-14.10.2025-r.pdf\">Protok\u00f3\u0142 z dnia 14.10.2025 r. z zebrania W\u0142a\u015bcicieli lokali w nieruchomo\u015bci przy ul. Bitwy Warszawskiej 1920 r.<\/a><a href=\"https:\/\/pax.com.pl\/wp-content\/uploads\/2025\/10\/BITWY-18-PROTOKOL-z-zebrania-z-dnia-14.10.2025-r.pdf\" class=\"wp-block-file__button wp-element-button\" download aria-describedby=\"wp-block-file--media-fb432123-9728-4bd7-8a14-d35362082a8d\">Pobierz<\/a><\/div>\n\n\n\n<h2 class=\"wp-block-heading\">Protok\u00f3\u0142 z dnia 8.10.2025 r. z zebrania W\u0142a\u015bcicieli lokali w nieruchomo\u015bci przy ul. Rzymowskiego 19<\/h2>\n\n\n\n<div class=\"wp-block-file\"><a id=\"wp-block-file--media-9535bd54-08c9-4225-831a-3557f3b8387f\" href=\"https:\/\/pax.com.pl\/wp-content\/uploads\/2025\/10\/0936_001.pdf\">Protok\u00f3\u0142 z dnia 8.10.2025 r. z zebrania W\u0142a\u015bcicieli lokali w nieruchomo\u015bci przy ul. Rzymowskiego 19<\/a><a href=\"https:\/\/pax.com.pl\/wp-content\/uploads\/2025\/10\/0936_001.pdf\" class=\"wp-block-file__button wp-element-button\" download aria-describedby=\"wp-block-file--media-9535bd54-08c9-4225-831a-3557f3b8387f\">Pobierz<\/a><\/div>\n\n\n\n<h2 class=\"wp-block-heading\">Protok\u00f3\u0142 z dnia 30.09.2025 r. z zebrania W\u0142a\u015bcicieli lokali w nieruchomo\u015bci przy ul. Stryje\u0144skich 19<\/h2>\n\n\n\n<div class=\"wp-block-file\"><a id=\"wp-block-file--media-d30d3c35-22b1-4286-9fa4-ecc847f53bae\" href=\"https:\/\/pax.com.pl\/wp-content\/uploads\/2025\/10\/0818_001.pdf\">Protok\u00f3\u0142 z dnia 30.09.2025 r. z zebrania W\u0142a\u015bcicieli lokali w nieruchomo\u015bci przy ul. Stryje\u0144skich 19<\/a><a href=\"https:\/\/pax.com.pl\/wp-content\/uploads\/2025\/10\/0818_001.pdf\" class=\"wp-block-file__button wp-element-button\" download aria-describedby=\"wp-block-file--media-d30d3c35-22b1-4286-9fa4-ecc847f53bae\">Pobierz<\/a><\/div>\n\n\n\n<h2 class=\"wp-block-heading\">Protok\u00f3\u0142 z dnia 23.09.2025 r. z zebrania W\u0142a\u015bcicieli lokali w nieruchomo\u015bci przy Os. Skaryszewska &#8211; Lubelska<\/h2>\n\n\n\n<div class=\"wp-block-file\"><a id=\"wp-block-file--media-0ff2cd2c-7b30-4d55-a9e0-55060ccfccd1\" href=\"https:\/\/pax.com.pl\/wp-content\/uploads\/2025\/09\/0751_001.pdf\">Protok\u00f3\u0142 z dnia 23.09.2025 r. z zebrania W\u0142a\u015bcicieli lokali w nieruchomo\u015bci przy Os. Skaryszewska &#8211; Lubelska<\/a><a href=\"https:\/\/pax.com.pl\/wp-content\/uploads\/2025\/09\/0751_001.pdf\" class=\"wp-block-file__button wp-element-button\" download aria-describedby=\"wp-block-file--media-0ff2cd2c-7b30-4d55-a9e0-55060ccfccd1\">Pobierz<\/a><\/div>\n\n\n\n<h2 class=\"wp-block-heading\">Protok\u00f3\u0142 z dnia 16.09.2025 r. z zebrania W\u0142a\u015bcicieli lokali w nieruchomo\u015bci przy ul. Jad\u017awing\u00f3w 3 i Rzymowskiego 33<\/h2>\n\n\n\n<div class=\"wp-block-file\"><a id=\"wp-block-file--media-7e1ecd4d-8418-42ae-8d1a-113cc00aa937\" href=\"https:\/\/pax.com.pl\/wp-content\/uploads\/2025\/09\/0692_001.pdf\">Protok\u00f3\u0142 z dnia 16.09.2025 r. z zebrania W\u0142a\u015bcicieli lokali w nieruchomo\u015bci przy ul. Jad\u017awing\u00f3w 3 i Rzymowskiego 33<\/a><a href=\"https:\/\/pax.com.pl\/wp-content\/uploads\/2025\/09\/0692_001.pdf\" class=\"wp-block-file__button wp-element-button\" download aria-describedby=\"wp-block-file--media-7e1ecd4d-8418-42ae-8d1a-113cc00aa937\">Pobierz<\/a><\/div>\n\n\n\n<h2 class=\"wp-block-heading\">Protok\u00f3\u0142 z dnia 9.09.2025 r. z zebrania W\u0142a\u015bcicieli lokali w nieruchomo\u015bci przy ul. Pi\u0119knej 16B<\/h2>\n\n\n\n<div class=\"wp-block-file\"><a id=\"wp-block-file--media-895eae9d-43bf-479a-a41f-54bd26973bf1\" href=\"https:\/\/pax.com.pl\/wp-content\/uploads\/2025\/09\/0602_001.pdf\">Protok\u00f3\u0142 z dnia 9.09.2025 r. z zebrania W\u0142a\u015bcicieli lokali w nieruchomo\u015bci przy ul. Pi\u0119knej 16B<\/a><a href=\"https:\/\/pax.com.pl\/wp-content\/uploads\/2025\/09\/0602_001.pdf\" class=\"wp-block-file__button wp-element-button\" download aria-describedby=\"wp-block-file--media-895eae9d-43bf-479a-a41f-54bd26973bf1\">Pobierz<\/a><\/div>\n\n\n\n<h2 class=\"wp-block-heading\">Protok\u00f3\u0142 z dnia 26.06.2025 r. z zebrania W\u0142a\u015bcicieli lokali w nieruchomo\u015bci przy ul. Narbutta 4<\/h2>\n\n\n\n<div class=\"wp-block-file\"><a id=\"wp-block-file--media-c0497641-621c-4688-8e4a-6a18b78a1ef5\" href=\"https:\/\/pax.com.pl\/wp-content\/uploads\/2025\/07\/4865_001.pdf\">Protok\u00f3\u0142 z dnia 26.06.2025 r. z zebrania W\u0142a\u015bcicieli lokali w nieruchomo\u015bci przy ul. Narbutta 4<\/a><a href=\"https:\/\/pax.com.pl\/wp-content\/uploads\/2025\/07\/4865_001.pdf\" class=\"wp-block-file__button wp-element-button\" download aria-describedby=\"wp-block-file--media-c0497641-621c-4688-8e4a-6a18b78a1ef5\">Pobierz<\/a><\/div>\n\n\n\n<h2 class=\"wp-block-heading\">Protok\u00f3\u0142 z dnia 10.06.2025 r. z zebrania W\u0142a\u015bcicieli lokali w nieruchomo\u015bci przy ul. Komorskiej 11\/15<\/h2>\n\n\n\n<div class=\"wp-block-file\"><a id=\"wp-block-file--media-0b7c6cfd-af69-423d-9ec7-8df5a7188d5f\" href=\"https:\/\/pax.com.pl\/wp-content\/uploads\/2025\/06\/KOMORSKA-11.15-protokol-z-zebrania-z-dnia-10.06.2025-r-1.pdf\">Protok\u00f3\u0142 z dnia 10.06.2025 r. z zebrania W\u0142a\u015bcicieli lokali w nieruchomo\u015bci przy ul. Komorskiej 11\/15<\/a><a href=\"https:\/\/pax.com.pl\/wp-content\/uploads\/2025\/06\/KOMORSKA-11.15-protokol-z-zebrania-z-dnia-10.06.2025-r-1.pdf\" class=\"wp-block-file__button wp-element-button\" download aria-describedby=\"wp-block-file--media-0b7c6cfd-af69-423d-9ec7-8df5a7188d5f\">Pobierz<\/a><\/div>\n\n\n\n<h2 class=\"wp-block-heading\">Protok\u00f3\u0142 z dnia 03.06.2025 r. z zebrania W\u0142a\u015bcicieli praw do lokali w nieruchomo\u015bci przy ul. Cegielnianej 15 i Lipowej 38<\/h2>\n\n\n\n<div class=\"wp-block-file\"><a id=\"wp-block-file--media-813a551d-f072-40c3-b0d1-229b5ab136a8\" href=\"https:\/\/pax.com.pl\/wp-content\/uploads\/2025\/06\/4649_001.pdf\">Protok\u00f3\u0142 z dnia 03.06.2025 r. z zebrania W\u0142a\u015bcicieli praw do lokali w nieruchomo\u015bci przy ul. Cegielnianej 15 i Lipowej 38<\/a><a href=\"https:\/\/pax.com.pl\/wp-content\/uploads\/2025\/06\/4649_001.pdf\" class=\"wp-block-file__button wp-element-button\" download aria-describedby=\"wp-block-file--media-813a551d-f072-40c3-b0d1-229b5ab136a8\">Pobierz<\/a><\/div>\n\n\n\n<h2 class=\"wp-block-heading\">Protok\u00f3\u0142 ze spotkania z Mieszka\u0144cami Salezego 6 i Wybrze\u017ce Ko\u015bciuszkowskie 21 w Warszawie z dnia 13 stycznia 2025 roku<\/h2>\n\n\n\n<div class=\"wp-block-file\"><a id=\"wp-block-file--media-57ba22c5-9ce5-40a4-b54c-9659544dd239\" href=\"https:\/\/pax.com.pl\/wp-content\/uploads\/2025\/01\/3324_001.pdf\">Protok\u00f3\u0142 ze spotkania z Mieszka\u0144cami Salezego 6 i Wybrze\u017ce Ko\u015bciuszkowskie 21 w Warszawie z dnia 13 stycznia 2025 roku<\/a><a href=\"https:\/\/pax.com.pl\/wp-content\/uploads\/2025\/01\/3324_001.pdf\" class=\"wp-block-file__button wp-element-button\" download aria-describedby=\"wp-block-file--media-57ba22c5-9ce5-40a4-b54c-9659544dd239\">Pobierz<\/a><\/div>\n","protected":false},"excerpt":{"rendered":"<p>Protok\u00f3\u0142 z dnia 28.10.2025 r. z zebrania W\u0142a\u015bcicieli lokali w nieruchomo\u015bci przy ul. Modzelewskiego 6, 8, 10, 12 Protok\u00f3\u0142 z dnia 21.10.2025 r. z zebrania W\u0142a\u015bcicieli lokali w nieruchomo\u015bci przy Al. Stan\u00f3w Zjednoczonych 72 Protok\u00f3\u0142 z dnia 14.10.2025 r. z zebrania W\u0142a\u015bcicieli lokali w nieruchomo\u015bci przy ul. Bitwy Warszawskiej 1920 r. Protok\u00f3\u0142 z dnia 8.10.2025 [&hellip;]<\/p>\n","protected":false},"author":1,"featured_media":0,"parent":0,"menu_order":0,"comment_status":"closed","ping_status":"closed","template":"","meta":{"footnotes":""},"class_list":["post-1721","page","type-page","status-publish","hentry"],"_links":{"self":[{"href":"https:\/\/pax.com.pl\/index.php\/wp-json\/wp\/v2\/pages\/1721","targetHints":{"allow":["GET"]}}],"collection":[{"href":"https:\/\/pax.com.pl\/index.php\/wp-json\/wp\/v2\/pages"}],"about":[{"href":"https:\/\/pax.com.pl\/index.php\/wp-json\/wp\/v2\/types\/page"}],"author":[{"embeddable":true,"href":"https:\/\/pax.com.pl\/index.php\/wp-json\/wp\/v2\/users\/1"}],"replies":[{"embeddable":true,"href":"https:\/\/pax.com.pl\/index.php\/wp-json\/wp\/v2\/comments?post=1721"}],"version-history":[{"count":16,"href":"https:\/\/pax.com.pl\/index.php\/wp-json\/wp\/v2\/pages\/1721\/revisions"}],"predecessor-version":[{"id":2729,"href":"https:\/\/pax.com.pl\/index.php\/wp-json\/wp\/v2\/pages\/1721\/revisions\/2729"}],"wp:attachment":[{"href":"https:\/\/pax.com.pl\/index.php\/wp-json\/wp\/v2\/media?parent=1721"}],"curies":[{"name":"wp","href":"https:\/\/api.w.org\/{rel}","templated":true}]}}