{"id":1719,"date":"2025-06-09T15:34:46","date_gmt":"2025-06-09T15:34:46","guid":{"rendered":"https:\/\/pax.com.pl\/?page_id=1719"},"modified":"2026-03-31T12:40:13","modified_gmt":"2026-03-31T12:40:13","slug":"zebrania-z-mieszkancami-2026","status":"publish","type":"page","link":"https:\/\/pax.com.pl\/index.php\/zebrania-z-mieszkancami-2026\/","title":{"rendered":"Zebrania z Mieszka\u0144cami 2026"},"content":{"rendered":"\n<hr class=\"wp-block-separator has-alpha-channel-opacity is-style-wide\"\/>\n\n\n\n<h2 class=\"wp-block-heading\">Protok\u00f3\u0142 z zebrania z Mieszka\u0144cami budynku przy ul. \u015bw. F. Salezego 6 i ul. Wybrze\u017ce Ko\u015bciuszkowskie 21, 21A w Warszawie z dnia 25.03.2026<\/h2>\n\n\n\n<div class=\"wp-block-file\"><a id=\"wp-block-file--media-43a82c43-cef8-4331-ae12-d1996c6a6970\" href=\"https:\/\/pax.com.pl\/wp-content\/uploads\/2026\/03\/2564_001.pdf\">2564_001<\/a><a href=\"https:\/\/pax.com.pl\/wp-content\/uploads\/2026\/03\/2564_001.pdf\" class=\"wp-block-file__button wp-element-button\" download aria-describedby=\"wp-block-file--media-43a82c43-cef8-4331-ae12-d1996c6a6970\">Pobierz<\/a><\/div>\n\n\n\n<h2 class=\"wp-block-heading\">Protok\u00f3\u0142 z zebrania z Mieszka\u0144cami budynku przy ul. Stryje\u0144skich 19 w Warszawie z dnia 19.02.2026<\/h2>\n\n\n\n<div class=\"wp-block-file\"><a id=\"wp-block-file--media-b126b9f7-8f9c-430a-bdd4-846cdd39dd9d\" href=\"https:\/\/pax.com.pl\/wp-content\/uploads\/2026\/03\/2265_001.pdf\">Protok\u00f3\u0142 z zebrania z Mieszka\u0144cami budynku przy ul. Stryje\u0144skich 19 w Warszawie z dnia 19.02.2026<\/a><a href=\"https:\/\/pax.com.pl\/wp-content\/uploads\/2026\/03\/2265_001.pdf\" class=\"wp-block-file__button wp-element-button\" download aria-describedby=\"wp-block-file--media-b126b9f7-8f9c-430a-bdd4-846cdd39dd9d\">Pobierz<\/a><\/div>\n\n\n\n<p><\/p>\n","protected":false},"excerpt":{"rendered":"<p>Protok\u00f3\u0142 z zebrania z Mieszka\u0144cami budynku przy ul. \u015bw. F. Salezego 6 i ul. Wybrze\u017ce Ko\u015bciuszkowskie 21, 21A w Warszawie z dnia 25.03.2026 Protok\u00f3\u0142 z zebrania z Mieszka\u0144cami budynku przy ul. Stryje\u0144skich 19 w Warszawie z dnia 19.02.2026<\/p>\n","protected":false},"author":1,"featured_media":0,"parent":0,"menu_order":0,"comment_status":"closed","ping_status":"closed","template":"","meta":{"footnotes":""},"class_list":["post-1719","page","type-page","status-publish","hentry"],"_links":{"self":[{"href":"https:\/\/pax.com.pl\/index.php\/wp-json\/wp\/v2\/pages\/1719","targetHints":{"allow":["GET"]}}],"collection":[{"href":"https:\/\/pax.com.pl\/index.php\/wp-json\/wp\/v2\/pages"}],"about":[{"href":"https:\/\/pax.com.pl\/index.php\/wp-json\/wp\/v2\/types\/page"}],"author":[{"embeddable":true,"href":"https:\/\/pax.com.pl\/index.php\/wp-json\/wp\/v2\/users\/1"}],"replies":[{"embeddable":true,"href":"https:\/\/pax.com.pl\/index.php\/wp-json\/wp\/v2\/comments?post=1719"}],"version-history":[{"count":4,"href":"https:\/\/pax.com.pl\/index.php\/wp-json\/wp\/v2\/pages\/1719\/revisions"}],"predecessor-version":[{"id":2951,"href":"https:\/\/pax.com.pl\/index.php\/wp-json\/wp\/v2\/pages\/1719\/revisions\/2951"}],"wp:attachment":[{"href":"https:\/\/pax.com.pl\/index.php\/wp-json\/wp\/v2\/media?parent=1719"}],"curies":[{"name":"wp","href":"https:\/\/api.w.org\/{rel}","templated":true}]}}