{"id":136,"date":"2024-02-25T18:28:09","date_gmt":"2024-02-25T18:28:09","guid":{"rendered":"https:\/\/www.winnyczyniewinny.pl\/wcnwww\/?page_id=136"},"modified":"2024-08-20T12:31:45","modified_gmt":"2024-08-20T12:31:45","slug":"rodo","status":"publish","type":"page","link":"https:\/\/pax.com.pl\/index.php\/rodo\/","title":{"rendered":"RODO"},"content":{"rendered":"\t\t<div data-elementor-type=\"wp-page\" data-elementor-id=\"136\" class=\"elementor elementor-136\">\n\t\t\t\t<div class=\"elementor-element elementor-element-7b7d091f e-flex e-con-boxed e-con e-parent\" data-id=\"7b7d091f\" data-element_type=\"container\" data-e-type=\"container\">\n\t\t\t\t\t<div class=\"e-con-inner\">\n\t\t\t\t<div class=\"elementor-element elementor-element-7a3fa596 elementor-widget elementor-widget-text-editor\" data-id=\"7a3fa596\" data-element_type=\"widget\" data-e-type=\"widget\" data-widget_type=\"text-editor.default\">\n\t\t\t\t<div class=\"elementor-widget-container\">\n\t\t\t\t\t\t\t\t\t\n<p> <\/p>\n\t\t\t\t\t\t\t\t<\/div>\n\t\t\t\t<\/div>\n\t\t\t\t\t<\/div>\n\t\t\t\t<\/div>\n\t\t<div class=\"elementor-element elementor-element-a9c7d0a e-flex e-con-boxed e-con e-parent\" data-id=\"a9c7d0a\" data-element_type=\"container\" data-e-type=\"container\">\n\t\t\t\t\t<div class=\"e-con-inner\">\n\t\t\t\t<div class=\"elementor-element elementor-element-a175669 elementor-widget elementor-widget-text-editor\" data-id=\"a175669\" data-element_type=\"widget\" data-e-type=\"widget\" data-widget_type=\"text-editor.default\">\n\t\t\t\t<div class=\"elementor-widget-container\">\n\t\t\t\t\t\t\t\t\t<ul>\n<li><a href=\"https:\/\/pax.com.pl\/wp-content\/uploads\/2024\/08\/Zasady-przetwarzania-danych-osobowych-Spoldzielni-Mieszkaniowej-PAX-w-upadlosci.pdf\"><span style=\"text-decoration: underline;\">Zasady przetwarzania danych osobowych Sp\u00f3\u0142dzielni Mieszkaniowej &#8222;PAX&#8221; w upad\u0142o\u015bci<\/span><\/a><\/li>\n<li><span style=\"text-decoration: underline;\"><a href=\"https:\/\/pax.com.pl\/wp-content\/uploads\/2024\/06\/0899_001.pdf\">Polityka Bezpiecze\u0144stwa Danych Osobowych w Sp\u00f3\u0142dzielni Mieszkaniowej &#8222;PAX&#8221; w upad\u0142o\u015bci<\/a><\/span><\/li>\n<\/ul>\t\t\t\t\t\t\t\t<\/div>\n\t\t\t\t<\/div>\n\t\t\t\t\t<\/div>\n\t\t\t\t<\/div>\n\t\t\t\t<\/div>\n\t\t","protected":false},"excerpt":{"rendered":"<p>Zasady przetwarzania danych osobowych Sp\u00f3\u0142dzielni Mieszkaniowej &#8222;PAX&#8221; w upad\u0142o\u015bci Polityka Bezpiecze\u0144stwa Danych Osobowych w Sp\u00f3\u0142dzielni Mieszkaniowej &#8222;PAX&#8221; w upad\u0142o\u015bci<\/p>\n","protected":false},"author":1,"featured_media":0,"parent":0,"menu_order":0,"comment_status":"closed","ping_status":"closed","template":"","meta":{"footnotes":""},"class_list":["post-136","page","type-page","status-publish","hentry"],"_links":{"self":[{"href":"https:\/\/pax.com.pl\/index.php\/wp-json\/wp\/v2\/pages\/136","targetHints":{"allow":["GET"]}}],"collection":[{"href":"https:\/\/pax.com.pl\/index.php\/wp-json\/wp\/v2\/pages"}],"about":[{"href":"https:\/\/pax.com.pl\/index.php\/wp-json\/wp\/v2\/types\/page"}],"author":[{"embeddable":true,"href":"https:\/\/pax.com.pl\/index.php\/wp-json\/wp\/v2\/users\/1"}],"replies":[{"embeddable":true,"href":"https:\/\/pax.com.pl\/index.php\/wp-json\/wp\/v2\/comments?post=136"}],"version-history":[{"count":20,"href":"https:\/\/pax.com.pl\/index.php\/wp-json\/wp\/v2\/pages\/136\/revisions"}],"predecessor-version":[{"id":878,"href":"https:\/\/pax.com.pl\/index.php\/wp-json\/wp\/v2\/pages\/136\/revisions\/878"}],"wp:attachment":[{"href":"https:\/\/pax.com.pl\/index.php\/wp-json\/wp\/v2\/media?parent=136"}],"curies":[{"name":"wp","href":"https:\/\/api.w.org\/{rel}","templated":true}]}}